{"id":2352,"date":"2025-05-27T15:38:09","date_gmt":"2025-05-27T13:38:09","guid":{"rendered":"https:\/\/ahead-zh.ch.ownb.it\/news-events\/news\/"},"modified":"2025-06-24T15:31:39","modified_gmt":"2025-06-24T13:31:39","slug":"news","status":"publish","type":"page","link":"https:\/\/ahead-zh.ch\/en\/news-events\/news\/","title":{"rendered":"News"},"content":{"rendered":"\n\t<div class=\"page-section page-head layout-default style-default\">\n\t\t<div class=\"section-grid grid-layout container\">\n\t\t\t<div class=\"section-item\">\n\t\t\t\t<div class=\"page-head-content\">\n<nav\n\tclass=\"breadcrumb noprint\"\n\taria-label=\"Breadcrumb\"\n\tx-data=\"{\n\t\treconcile: throttle(250, function() {\n\t\t\tconst items = this.$el.querySelectorAll('.breadcrumb-item:not(.home)')\n\n\t\t\tfor (const item of items) {\n\t\t\t\titem.classList.remove('hidden')\n\t\t\t}\n\n\t\t\tif (this.$el.matches(':has(:focus-visible)')) return\n\n\t\t\tfor (const item of items) {\n\t\t\t\tif (this.$el.scrollWidth &lt;= this.$el.clientWidth) {\n\t\t\t\t\tbreak\n\t\t\t\t}\n\n\t\t\t\titem.classList.add('hidden')\n\t\t\t}\n\t\t}),\n\t}\"\n\tx-size=\"reconcile()\"\n\t@focusout=\"reconcile()\"\n>\n\t<ol role=\"list\" x-size=\"reconcile()\">\n\t\t<li class=\"breadcrumb-item home\">\n\t\t\t\t<a href=\"https:\/\/ahead-zh.ch\/en\/\" class=\"breadcrumb-link\" aria-label=\"Startpage\">\n\t\t\t\t\t<svg aria-hidden=\"true\" focusable=\"false\" width=\"11\" height=\"11\" viewBox=\"0 0 11 11\" fill=\"none\" xmlns=\"http:\/\/www.w3.org\/2000\/svg\"><path d=\"m10.74 4.01.26.2V11H6.34V7.1H4.66V11H0V4.21L5.5 0l5.24 4.01Zm-9.43.85v4.82h2.03v-3.9h4.32v3.9h2.03V4.87l-4.2-3.21-4.18 3.2Z\" fill=\"currentColor\"><\/path><\/svg>\n\t\t\t\t<\/a>\n\t\t<\/li>\n\t\t<li class=\"breadcrumb-item\">\n\t\t\t\t<span aria-hidden=\"true\">|<\/span>\n\t\t\t\t<a href=\"https:\/\/ahead-zh.ch\/en\/news-events\/\" class=\"breadcrumb-link\">News &amp; Events<\/a>\n\t\t<\/li>\n\t\t<li class=\"breadcrumb-item\">\n\t\t\t\t<span aria-hidden=\"true\">|<\/span>\n\t\t\t\t<a href=\"https:\/\/ahead-zh.ch\/en\/news-events\/news\/\" class=\"breadcrumb-link\" aria-current=\"page\">News<\/a>\n\t\t<\/li>\n\t<\/ol>\n<\/nav>\n\n\n<h1 class=\"hero-title-h1\">News on Current Topics<\/h1>\n\t\t\t\t<\/div>\n\t\t\t<\/div>\n\t\t<\/div>\n\t<\/div>\n<div  class=\"page-section style-default layout-default align-default\">\n\t<div class=\"section-grid grid-layout container\"><div  style=\"--grid-layout-index: 1\" class=\"section-item layout-default layout-margin-default\">\n<div class=\"news-overview\" x-data x-intercept=\"{&quot;morph&quot;:false,&quot;endpoint&quot;:&quot;wpce\\\/v1\\\/node\\\/bb293450-d9ca-45e6-ae9e-98feda5e7370\\\/render&quot;,&quot;nonce&quot;:&quot;33faa4a00f&quot;}\">\n\n<div\n\tclass=\"categories-filter-wrapper\"\n>\n\t<div class=\"categories-filter\">\n\t\t<a\n\t\t\thref=\"https:\/\/ahead-zh.ch\/en\/wp-json\/wp\/v2\/pages\/2352\/\" class=\"category-link button size-small style-default\" aria-current=\"page\"\n\t\t>\n\t\t\tAll\n\t\t<\/a>\n\n\t\t\t<a\n\t\t\t\thref=\"https:\/\/ahead-zh.ch\/en\/wp-json\/wp\/v2\/pages\/2352\/?kategorie=gruendung-en\" class=\"category-link button size-small style-secondary\"\n\t\t\t>\n\t\t\t\tFounding\n\t\t\t<\/a>\n\t\t\t<a\n\t\t\t\thref=\"https:\/\/ahead-zh.ch\/en\/wp-json\/wp\/v2\/pages\/2352\/?kategorie=kmu-en\" class=\"category-link button size-small style-secondary\"\n\t\t\t>\n\t\t\t\tSME\n\t\t\t<\/a>\n\t<\/div>\n<\/div>\n\n\n\n<div class=\"news-grid-wrapper\">\n\t<div class=\"grid-layout news-grid\">\n\n\t\t\t<article class=\"news-post\">\n<a class=\"box news-box with-image size-default\" href=\"https:\/\/ahead-zh.ch\/en\/climate-management-a-course-by-oebu\/\"\n>\n\t\t<img loading=\"lazy\" decoding=\"async\" width=\"400\" height=\"265\" src=\"https:\/\/ahead-zh.ch\/wp-content\/uploads\/oebu-kurs-400x265.jpg\" class=\"attachment-box-image size-box-image\" alt=\"\" srcset=\"https:\/\/ahead-zh.ch\/wp-content\/uploads\/oebu-kurs-400x265.jpg 400w, https:\/\/ahead-zh.ch\/wp-content\/uploads\/oebu-kurs-300x200.jpg 300w, https:\/\/ahead-zh.ch\/wp-content\/uploads\/oebu-kurs-1760x1172.jpg 1760w, https:\/\/ahead-zh.ch\/wp-content\/uploads\/oebu-kurs-880x586.jpg 880w, https:\/\/ahead-zh.ch\/wp-content\/uploads\/oebu-kurs-800x530.jpg 800w\" sizes=\"auto, (max-width: 400px) 100vw, 400px\" \/>\n\n\t<div class=\"content\">\n\t\t<div class=\"inner-content\">\n\t\t\t\t\t<h3 class=\"h4\">\n\t\t\t\t\t\t\tClimate Management\n\t\t\t\t\t<\/h3>\n\t\t\t\t\t<div class=\"news-post-excerpt\">\n\t\t\t\t\t\tThe \u00f6bu course on carbon accounting, strategy &amp; transition\n\t\t\t\t\t<\/div>\n\t\t<\/div>\n\t<\/div>\n<\/a>\n\t\t\t<\/article>\n\n\t\t\t<article class=\"news-post\">\n<a class=\"box news-box with-image size-default\" href=\"https:\/\/ahead-zh.ch\/en\/climate-management-a-course-by-oebu\/\"\n>\n\t\t<img loading=\"lazy\" decoding=\"async\" width=\"400\" height=\"265\" src=\"https:\/\/ahead-zh.ch\/wp-content\/uploads\/oebu-kurs-400x265.jpg\" class=\"attachment-box-image size-box-image\" alt=\"\" srcset=\"https:\/\/ahead-zh.ch\/wp-content\/uploads\/oebu-kurs-400x265.jpg 400w, https:\/\/ahead-zh.ch\/wp-content\/uploads\/oebu-kurs-300x200.jpg 300w, https:\/\/ahead-zh.ch\/wp-content\/uploads\/oebu-kurs-1760x1172.jpg 1760w, https:\/\/ahead-zh.ch\/wp-content\/uploads\/oebu-kurs-880x586.jpg 880w, https:\/\/ahead-zh.ch\/wp-content\/uploads\/oebu-kurs-800x530.jpg 800w\" sizes=\"auto, (max-width: 400px) 100vw, 400px\" \/>\n\n\t<div class=\"content\">\n\t\t<div class=\"inner-content\">\n\t\t\t\t\t<h3 class=\"h4\">\n\t\t\t\t\t\t\tClimate Management\n\t\t\t\t\t<\/h3>\n\t\t\t\t\t<div class=\"news-post-excerpt\">\n\t\t\t\t\t\tThe \u00f6bu course on carbon accounting, strategy &amp; transition\n\t\t\t\t\t<\/div>\n\t\t<\/div>\n\t<\/div>\n<\/a>\n\t\t\t<\/article>\n\n\t\t\t<article class=\"news-post\">\n<a class=\"box news-box with-image size-default\" href=\"https:\/\/ahead-zh.ch\/en\/climate-management-a-course-by-oebu\/\"\n>\n\t\t<img loading=\"lazy\" decoding=\"async\" width=\"400\" height=\"265\" src=\"https:\/\/ahead-zh.ch\/wp-content\/uploads\/oebu-kurs-400x265.jpg\" class=\"attachment-box-image size-box-image\" alt=\"\" srcset=\"https:\/\/ahead-zh.ch\/wp-content\/uploads\/oebu-kurs-400x265.jpg 400w, https:\/\/ahead-zh.ch\/wp-content\/uploads\/oebu-kurs-300x200.jpg 300w, https:\/\/ahead-zh.ch\/wp-content\/uploads\/oebu-kurs-1760x1172.jpg 1760w, https:\/\/ahead-zh.ch\/wp-content\/uploads\/oebu-kurs-880x586.jpg 880w, https:\/\/ahead-zh.ch\/wp-content\/uploads\/oebu-kurs-800x530.jpg 800w\" sizes=\"auto, (max-width: 400px) 100vw, 400px\" \/>\n\n\t<div class=\"content\">\n\t\t<div class=\"inner-content\">\n\t\t\t\t\t<h3 class=\"h4\">\n\t\t\t\t\t\t\tClimate Management\n\t\t\t\t\t<\/h3>\n\t\t\t\t\t<div class=\"news-post-excerpt\">\n\t\t\t\t\t\tThe \u00f6bu course on carbon accounting, strategy &amp; transition\n\t\t\t\t\t<\/div>\n\t\t<\/div>\n\t<\/div>\n<\/a>\n\t\t\t<\/article>\n\n\t\t\t<article class=\"news-post\">\n<a class=\"box news-box with-image size-default\" href=\"https:\/\/ahead-zh.ch\/en\/climate-management-a-course-by-oebu\/\"\n>\n\t\t<img loading=\"lazy\" decoding=\"async\" width=\"400\" height=\"265\" src=\"https:\/\/ahead-zh.ch\/wp-content\/uploads\/oebu-kurs-400x265.jpg\" class=\"attachment-box-image size-box-image\" alt=\"\" srcset=\"https:\/\/ahead-zh.ch\/wp-content\/uploads\/oebu-kurs-400x265.jpg 400w, https:\/\/ahead-zh.ch\/wp-content\/uploads\/oebu-kurs-300x200.jpg 300w, https:\/\/ahead-zh.ch\/wp-content\/uploads\/oebu-kurs-1760x1172.jpg 1760w, https:\/\/ahead-zh.ch\/wp-content\/uploads\/oebu-kurs-880x586.jpg 880w, https:\/\/ahead-zh.ch\/wp-content\/uploads\/oebu-kurs-800x530.jpg 800w\" sizes=\"auto, (max-width: 400px) 100vw, 400px\" \/>\n\n\t<div class=\"content\">\n\t\t<div class=\"inner-content\">\n\t\t\t\t\t<h3 class=\"h4\">\n\t\t\t\t\t\t\tClimate Management\n\t\t\t\t\t<\/h3>\n\t\t\t\t\t<div class=\"news-post-excerpt\">\n\t\t\t\t\t\tThe \u00f6bu course on carbon accounting, strategy &amp; transition\n\t\t\t\t\t<\/div>\n\t\t<\/div>\n\t<\/div>\n<\/a>\n\t\t\t<\/article>\n\n\t\t\t<article class=\"news-post\">\n<a class=\"box news-box with-image size-default\" href=\"https:\/\/ahead-zh.ch\/en\/climate-management-a-course-by-oebu\/\"\n>\n\t\t<img loading=\"lazy\" decoding=\"async\" width=\"400\" height=\"265\" src=\"https:\/\/ahead-zh.ch\/wp-content\/uploads\/chantal-staeuble-400x265.jpg\" class=\"attachment-box-image size-box-image\" alt=\"\" srcset=\"https:\/\/ahead-zh.ch\/wp-content\/uploads\/chantal-staeuble-400x265.jpg 400w, https:\/\/ahead-zh.ch\/wp-content\/uploads\/chantal-staeuble-300x200.jpg 300w, https:\/\/ahead-zh.ch\/wp-content\/uploads\/chantal-staeuble-800x530.jpg 800w\" sizes=\"auto, (max-width: 400px) 100vw, 400px\" \/>\n\n\t<div class=\"content\">\n\t\t<div class=\"inner-content\">\n\t\t\t\t\t<h3 class=\"h4\">\n\t\t\t\t\t\t\tClimate Management\n\t\t\t\t\t<\/h3>\n\t\t\t\t\t<div class=\"news-post-excerpt\">\n\t\t\t\t\t\tThe \u00f6bu course on carbon accounting, strategy &amp; transition\n\t\t\t\t\t<\/div>\n\t\t<\/div>\n\t<\/div>\n<\/a>\n\t\t\t<\/article>\n\n\t\t\t<article class=\"news-post\">\n<a class=\"box news-box with-image size-default\" href=\"https:\/\/ahead-zh.ch\/en\/ai-introduction-for-smes-2\/\"\n>\n\t\t<img loading=\"lazy\" decoding=\"async\" width=\"400\" height=\"265\" src=\"https:\/\/ahead-zh.ch\/wp-content\/uploads\/oebu-kurs-400x265.jpg\" class=\"attachment-box-image size-box-image\" alt=\"\" srcset=\"https:\/\/ahead-zh.ch\/wp-content\/uploads\/oebu-kurs-400x265.jpg 400w, https:\/\/ahead-zh.ch\/wp-content\/uploads\/oebu-kurs-300x200.jpg 300w, https:\/\/ahead-zh.ch\/wp-content\/uploads\/oebu-kurs-1760x1172.jpg 1760w, https:\/\/ahead-zh.ch\/wp-content\/uploads\/oebu-kurs-880x586.jpg 880w, https:\/\/ahead-zh.ch\/wp-content\/uploads\/oebu-kurs-800x530.jpg 800w\" sizes=\"auto, (max-width: 400px) 100vw, 400px\" \/>\n\n\t<div class=\"content\">\n\t\t<div class=\"inner-content\">\n\t\t\t\t\t<h3 class=\"h4\">\n\t\t\t\t\t\t\tClimate Management\n\t\t\t\t\t<\/h3>\n\t\t\t\t\t<div class=\"news-post-excerpt\">\n\t\t\t\t\t\tThe \u00f6bu course on carbon accounting, strategy &amp; transition\n\t\t\t\t\t<\/div>\n\t\t<\/div>\n\t<\/div>\n<\/a>\n\t\t\t<\/article>\n\n\t\t\t<article class=\"news-post\">\n<a class=\"box news-box with-image size-default\" href=\"https:\/\/ahead-zh.ch\/en\/ai-introduction-for-smes\/\"\n>\n\t\t<img loading=\"lazy\" decoding=\"async\" width=\"400\" height=\"265\" src=\"https:\/\/ahead-zh.ch\/wp-content\/uploads\/Ahead_Innovate_1.2-400x265.jpg\" class=\"attachment-box-image size-box-image\" alt=\"\" srcset=\"https:\/\/ahead-zh.ch\/wp-content\/uploads\/Ahead_Innovate_1.2-400x265.jpg 400w, https:\/\/ahead-zh.ch\/wp-content\/uploads\/Ahead_Innovate_1.2-300x200.jpg 300w, https:\/\/ahead-zh.ch\/wp-content\/uploads\/Ahead_Innovate_1.2-1024x682.jpg 1024w, https:\/\/ahead-zh.ch\/wp-content\/uploads\/Ahead_Innovate_1.2-768x511.jpg 768w, https:\/\/ahead-zh.ch\/wp-content\/uploads\/Ahead_Innovate_1.2-1536x1023.jpg 1536w, https:\/\/ahead-zh.ch\/wp-content\/uploads\/Ahead_Innovate_1.2.jpg 1760w, https:\/\/ahead-zh.ch\/wp-content\/uploads\/Ahead_Innovate_1.2-880x586.jpg 880w, https:\/\/ahead-zh.ch\/wp-content\/uploads\/Ahead_Innovate_1.2-800x530.jpg 800w\" sizes=\"auto, (max-width: 400px) 100vw, 400px\" \/>\n\n\t<div class=\"content\">\n\t\t<div class=\"inner-content\">\n\t\t\t\t\t<h3 class=\"h4\">\n\t\t\t\t\t\t\tAI introduction for SMEs\n\t\t\t\t\t<\/h3>\n\t\t\t\t\t<div class=\"news-post-excerpt\">\n\t\t\t\t\t\tPractical AI introduction for SMEs: Free introductory course from Innovate Switzerland\n\t\t\t\t\t<\/div>\n\t\t<\/div>\n\t<\/div>\n<\/a>\n\t\t\t<\/article>\n\n\t\t\t<article class=\"news-post\">\n<a class=\"box news-box with-image size-default\" href=\"https:\/\/ahead-zh.ch\/en\/new-sme-funding\/\"\n>\n\t\t<img loading=\"lazy\" decoding=\"async\" width=\"400\" height=\"265\" src=\"https:\/\/ahead-zh.ch\/wp-content\/uploads\/pexels-ron-lach-9783346-400x265.jpg\" class=\"attachment-box-image size-box-image\" alt=\"\" srcset=\"https:\/\/ahead-zh.ch\/wp-content\/uploads\/pexels-ron-lach-9783346-400x265.jpg 400w, https:\/\/ahead-zh.ch\/wp-content\/uploads\/pexels-ron-lach-9783346-800x530.jpg 800w\" sizes=\"auto, (max-width: 400px) 100vw, 400px\" \/>\n\n\t<div class=\"content\">\n\t\t<div class=\"inner-content\">\n\t\t\t\t\t<h3 class=\"h4\">\n\t\t\t\t\t\t\tAI for SME &#8211; a new training program for SMEs\n\t\t\t\t\t<\/h3>\n\t\t\t\t\t<div class=\"news-post-excerpt\">\n\t\t\t\t\t\tZ\u00fcrcher Kantonalbank is launching a new training program designed to help SMEs apply artificial intelligence in a practical and business-focused way.\n\t\t\t\t\t<\/div>\n\t\t<\/div>\n\t<\/div>\n<\/a>\n\t\t\t<\/article>\n\n\t\t\t<article class=\"news-post\">\n<a class=\"box news-box with-image size-default\" href=\"https:\/\/ahead-zh.ch\/en\/foerder-und-finanzierungsmoeglichkeiten-fuer-start-ups-kmu\/\"\n>\n\t\t<img loading=\"lazy\" decoding=\"async\" width=\"400\" height=\"265\" src=\"https:\/\/ahead-zh.ch\/wp-content\/uploads\/pexels-pixabay-256381-400x265.jpg\" class=\"attachment-box-image size-box-image\" alt=\"\" srcset=\"https:\/\/ahead-zh.ch\/wp-content\/uploads\/pexels-pixabay-256381-400x265.jpg 400w, https:\/\/ahead-zh.ch\/wp-content\/uploads\/pexels-pixabay-256381-300x200.jpg 300w, https:\/\/ahead-zh.ch\/wp-content\/uploads\/pexels-pixabay-256381-1024x681.jpg 1024w, https:\/\/ahead-zh.ch\/wp-content\/uploads\/pexels-pixabay-256381-768x511.jpg 768w, https:\/\/ahead-zh.ch\/wp-content\/uploads\/pexels-pixabay-256381-1536x1022.jpg 1536w, https:\/\/ahead-zh.ch\/wp-content\/uploads\/pexels-pixabay-256381-2048x1362.jpg 2048w, https:\/\/ahead-zh.ch\/wp-content\/uploads\/pexels-pixabay-256381-800x530.jpg 800w, https:\/\/ahead-zh.ch\/wp-content\/uploads\/pexels-pixabay-256381-1760x1172.jpg 1760w, https:\/\/ahead-zh.ch\/wp-content\/uploads\/pexels-pixabay-256381-880x586.jpg 880w, https:\/\/ahead-zh.ch\/wp-content\/uploads\/pexels-pixabay-256381.jpg 2560w\" sizes=\"auto, (max-width: 400px) 100vw, 400px\" \/>\n\n\t<div class=\"content\">\n\t\t<div class=\"inner-content\">\n\t\t\t\t\t<h3 class=\"h4\">\n\t\t\t\t\t\t\tFunding and Financing Options for Start-ups &amp; SMEs\n\t\t\t\t\t<\/h3>\n\t\t\t\t\t<div class=\"news-post-excerpt\">\n\t\t\t\t\t\tOverview of the most important programs in Zurich and Switzerland\n\t\t\t\t\t<\/div>\n\t\t<\/div>\n\t<\/div>\n<\/a>\n\t\t\t<\/article>\n\t<\/div>\n<\/div>\n\n<div class=\"page-nav\"><span aria-current=\"page\" class=\"page-numbers current\">1<\/span>\n<a class=\"page-numbers\" href=\"https:\/\/ahead-zh.ch\/en\/wp-json\/wp\/v2\/pages\/2352\/page\/2\/\">2<\/a><\/div><\/div>\n<\/div><\/div>\n<\/div>","protected":false},"excerpt":{"rendered":"<p>| News &amp; Events | News News on Current Topics All Founding SME Climate Management The \u00f6bu course on carbon accounting, strategy &amp; transition Climate Management The \u00f6bu course on carbon accounting, strategy &amp; transition Climate Management The \u00f6bu course on carbon accounting, strategy &amp; transition Climate Management The \u00f6bu course on carbon accounting, strategy [&hellip;]<\/p>\n","protected":false},"author":1,"featured_media":0,"parent":2270,"menu_order":0,"comment_status":"closed","ping_status":"closed","template":"","meta":{"_acf_changed":false,"inline_featured_image":false,"footnotes":""},"class_list":["post-2352","page","type-page","status-publish","hentry"],"acf":[],"_links":{"self":[{"href":"https:\/\/ahead-zh.ch\/en\/wp-json\/wp\/v2\/pages\/2352","targetHints":{"allow":["GET"]}}],"collection":[{"href":"https:\/\/ahead-zh.ch\/en\/wp-json\/wp\/v2\/pages"}],"about":[{"href":"https:\/\/ahead-zh.ch\/en\/wp-json\/wp\/v2\/types\/page"}],"author":[{"embeddable":true,"href":"https:\/\/ahead-zh.ch\/en\/wp-json\/wp\/v2\/users\/1"}],"replies":[{"embeddable":true,"href":"https:\/\/ahead-zh.ch\/en\/wp-json\/wp\/v2\/comments?post=2352"}],"version-history":[{"count":2,"href":"https:\/\/ahead-zh.ch\/en\/wp-json\/wp\/v2\/pages\/2352\/revisions"}],"predecessor-version":[{"id":2359,"href":"https:\/\/ahead-zh.ch\/en\/wp-json\/wp\/v2\/pages\/2352\/revisions\/2359"}],"up":[{"embeddable":true,"href":"https:\/\/ahead-zh.ch\/en\/wp-json\/wp\/v2\/pages\/2270"}],"wp:attachment":[{"href":"https:\/\/ahead-zh.ch\/en\/wp-json\/wp\/v2\/media?parent=2352"}],"curies":[{"name":"wp","href":"https:\/\/api.w.org\/{rel}","templated":true}]}}